{"id":71,"date":"2021-10-28T14:33:01","date_gmt":"2021-10-28T14:33:01","guid":{"rendered":"https:\/\/fehcomedv.de\/?page_id=71"},"modified":"2023-01-03T19:52:15","modified_gmt":"2023-01-03T19:52:15","slug":"fernwartung","status":"publish","type":"page","link":"https:\/\/fehcomedv.de\/?page_id=71","title":{"rendered":"Fernwartung"},"content":{"rendered":"\n<p>hier k\u00f6nnen Sie sich die Fernwartungs-Software TeamViewer herunterladen.<\/p>\n\n\n\n<p>Um Ihnen aus der Ferne helfen zu k\u00f6nnen, melden Sie sich bitte vorher per eMail an info@fehcomedv.de<\/p>\n\n\n\n<div class=\"wp-block-buttons is-layout-flex wp-block-buttons-is-layout-flex\">\n<div class=\"wp-block-button is-style-primary\"><a class=\"wp-block-button__link wp-element-button\" href=\"https:\/\/get.teamviewer.com\/FEHcomQS\" target=\"_blank\" rel=\"noreferrer noopener\">Download starten<\/a><\/div>\n<\/div>\n\n\n\n<p><a href=\"https:\/\/www.teamviewer.com\/de\/datenschutzerklaerung\/\" target=\"_blank\" rel=\"noreferrer noopener\">TeamViewer &#8211; Datenschutzerkl\u00e4rung<\/a><\/p>\n","protected":false},"excerpt":{"rendered":"<p>hier k\u00f6nnen Sie sich die Fernwartungs-Software TeamViewer herunterladen. Um Ihnen aus der Ferne helfen zu k\u00f6nnen, melden Sie sich bitte vorher per eMail an info@fehcomedv.de TeamViewer &#8211; Datenschutzerkl\u00e4rung<\/p>\n","protected":false},"author":1,"featured_media":0,"parent":0,"menu_order":0,"comment_status":"closed","ping_status":"closed","template":"","meta":{"neve_meta_sidebar":"","neve_meta_container":"","neve_meta_enable_content_width":"","neve_meta_content_width":0,"neve_meta_title_alignment":"","neve_meta_author_avatar":"","neve_post_elements_order":"","neve_meta_disable_header":"","neve_meta_disable_footer":"","neve_meta_disable_title":"","footnotes":""},"class_list":["post-71","page","type-page","status-publish","hentry"],"_links":{"self":[{"href":"https:\/\/fehcomedv.de\/index.php?rest_route=\/wp\/v2\/pages\/71","targetHints":{"allow":["GET"]}}],"collection":[{"href":"https:\/\/fehcomedv.de\/index.php?rest_route=\/wp\/v2\/pages"}],"about":[{"href":"https:\/\/fehcomedv.de\/index.php?rest_route=\/wp\/v2\/types\/page"}],"author":[{"embeddable":true,"href":"https:\/\/fehcomedv.de\/index.php?rest_route=\/wp\/v2\/users\/1"}],"replies":[{"embeddable":true,"href":"https:\/\/fehcomedv.de\/index.php?rest_route=%2Fwp%2Fv2%2Fcomments&post=71"}],"version-history":[{"count":5,"href":"https:\/\/fehcomedv.de\/index.php?rest_route=\/wp\/v2\/pages\/71\/revisions"}],"predecessor-version":[{"id":117,"href":"https:\/\/fehcomedv.de\/index.php?rest_route=\/wp\/v2\/pages\/71\/revisions\/117"}],"wp:attachment":[{"href":"https:\/\/fehcomedv.de\/index.php?rest_route=%2Fwp%2Fv2%2Fmedia&parent=71"}],"curies":[{"name":"wp","href":"https:\/\/api.w.org\/{rel}","templated":true}]}}